{"id":2306,"date":"2026-01-23T11:24:28","date_gmt":"2026-01-23T11:24:28","guid":{"rendered":"https:\/\/clean-n-bright-dallas.com\/?page_id=2306"},"modified":"2026-02-16T11:52:14","modified_gmt":"2026-02-16T11:52:14","slug":"faq","status":"publish","type":"page","link":"https:\/\/clean-n-bright-dallas.com\/es\/faq\/","title":{"rendered":"Preguntas frecuentes"},"content":{"rendered":"<div data-elementor-type=\"wp-page\" data-elementor-id=\"2306\" class=\"elementor elementor-2306\" data-elementor-post-type=\"page\">\n\t\t\t\t<div class=\"elementor-element elementor-element-dd974b6 e-flex e-con-boxed e-con e-parent\" data-id=\"dd974b6\" data-element_type=\"container\" data-settings=\"{&quot;background_background&quot;:&quot;classic&quot;,&quot;shape_divider_bottom&quot;:&quot;tilt&quot;,&quot;ekit_has_onepagescroll_dot&quot;:&quot;yes&quot;}\">\n\t\t\t\t\t<div class=\"e-con-inner\">\n\t\t\t\t<div class=\"elementor-shape elementor-shape-bottom\" aria-hidden=\"true\" data-negative=\"false\">\n\t\t\t<svg xmlns=\"http:\/\/www.w3.org\/2000\/svg\" viewbox=\"0 0 1000 100\" preserveaspectratio=\"none\">\n\t<path class=\"elementor-shape-fill\" d=\"M0,6V0h1000v100L0,6z\"\/>\n<\/svg>\t\t<\/div>\n\t\t\t\t<div class=\"elementor-element elementor-element-e0b30b3 elementor-invisible elementor-widget elementor-widget-heading\" data-id=\"e0b30b3\" data-element_type=\"widget\" data-settings=\"{&quot;_animation&quot;:&quot;fadeInUp&quot;,&quot;ekit_we_effect_on&quot;:&quot;none&quot;}\" data-widget_type=\"heading.default\">\n\t\t\t\t<div class=\"elementor-widget-container\">\n\t\t\t\t\t<h2 class=\"elementor-heading-title elementor-size-default\">Preguntas frecuentes<\/h2>\t\t\t\t<\/div>\n\t\t\t\t<\/div>\n\t\t\t\t<div class=\"elementor-element elementor-element-d32f7e1 elementor-invisible elementor-widget elementor-widget-heading\" data-id=\"d32f7e1\" data-element_type=\"widget\" data-settings=\"{&quot;_animation&quot;:&quot;fadeInUp&quot;,&quot;_animation_delay&quot;:200,&quot;ekit_we_effect_on&quot;:&quot;none&quot;}\" data-widget_type=\"heading.default\">\n\t\t\t\t<div class=\"elementor-widget-container\">\n\t\t\t\t\t<h1 class=\"elementor-heading-title elementor-size-default\">Informaci\u00f3n \u00fatil para su visita<\/h1>\t\t\t\t<\/div>\n\t\t\t\t<\/div>\n\t\t\t\t\t<\/div>\n\t\t\t\t<\/div>\n\t\t<div class=\"elementor-element elementor-element-1bf7a6e5 e-flex e-con-boxed e-con e-parent\" data-id=\"1bf7a6e5\" data-element_type=\"container\" id=\"FAQ\" data-settings=\"{&quot;background_background&quot;:&quot;classic&quot;,&quot;shape_divider_bottom&quot;:&quot;tilt&quot;,&quot;ekit_has_onepagescroll_dot&quot;:&quot;yes&quot;}\">\n\t\t\t\t\t<div class=\"e-con-inner\">\n\t\t\t\t<div class=\"elementor-shape elementor-shape-bottom\" aria-hidden=\"true\" data-negative=\"false\">\n\t\t\t<svg xmlns=\"http:\/\/www.w3.org\/2000\/svg\" viewbox=\"0 0 1000 100\" preserveaspectratio=\"none\">\n\t<path class=\"elementor-shape-fill\" d=\"M0,6V0h1000v100L0,6z\"\/>\n<\/svg>\t\t<\/div>\n\t\t<div class=\"elementor-element elementor-element-5deef647 e-con-full e-flex e-con e-child\" data-id=\"5deef647\" data-element_type=\"container\" data-settings=\"{&quot;background_background&quot;:&quot;classic&quot;,&quot;ekit_has_onepagescroll_dot&quot;:&quot;yes&quot;}\">\n\t\t<div class=\"elementor-element elementor-element-1fb4f480 e-con-full e-flex e-con e-child\" data-id=\"1fb4f480\" data-element_type=\"container\" data-settings=\"{&quot;ekit_has_onepagescroll_dot&quot;:&quot;yes&quot;}\">\n\t\t<div class=\"elementor-element elementor-element-12d0cf69 e-con-full e-flex e-con e-child\" data-id=\"12d0cf69\" data-element_type=\"container\" data-settings=\"{&quot;ekit_has_onepagescroll_dot&quot;:&quot;yes&quot;}\">\n\t\t\t\t<div class=\"elementor-element elementor-element-71c9d91e elementor-invisible elementor-widget elementor-widget-heading\" data-id=\"71c9d91e\" data-element_type=\"widget\" data-settings=\"{&quot;_animation&quot;:&quot;fadeInUp&quot;,&quot;_animation_delay&quot;:200,&quot;ekit_we_effect_on&quot;:&quot;none&quot;}\" data-widget_type=\"heading.default\">\n\t\t\t\t<div class=\"elementor-widget-container\">\n\t\t\t\t\t<h3 class=\"elementor-heading-title elementor-size-default\">Preguntas frecuentes<\/h3>\t\t\t\t<\/div>\n\t\t\t\t<\/div>\n\t\t\t\t<div class=\"elementor-element elementor-element-306bc2b3 elementor-widget__width-initial elementor-widget elementor-widget-text-editor\" data-id=\"306bc2b3\" data-element_type=\"widget\" data-settings=\"{&quot;ekit_we_effect_on&quot;:&quot;none&quot;}\" data-widget_type=\"text-editor.default\">\n\t\t\t\t<div class=\"elementor-widget-container\">\n\t\t\t\t\t\t\t\t\t<p>Encuentre respuestas r\u00e1pidas a las preguntas m\u00e1s comunes sobre nuestra lavander\u00eda. Ya sea que tenga dudas sobre horarios, comodidades o c\u00f3mo aprovechar mejor su visita, estamos aqu\u00ed para ayudarle.<\/p>\t\t\t\t\t\t\t\t<\/div>\n\t\t\t\t<\/div>\n\t\t\t\t<\/div>\n\t\t\t\t<\/div>\n\t\t<div class=\"elementor-element elementor-element-320ad388 e-con-full e-flex e-con e-child\" data-id=\"320ad388\" data-element_type=\"container\" data-settings=\"{&quot;ekit_has_onepagescroll_dot&quot;:&quot;yes&quot;}\">\n\t\t\t\t<div class=\"elementor-element elementor-element-42bea0 elementor-widget__width-initial elementor-widget-mobile__width-inherit elementor-widget elementor-widget-elementskit-accordion\" data-id=\"42bea0\" data-element_type=\"widget\" data-settings=\"{&quot;ekit_we_effect_on&quot;:&quot;none&quot;}\" data-widget_type=\"elementskit-accordion.default\">\n\t\t\t\t<div class=\"elementor-widget-container\">\n\t\t\t\t\t<div class=\"ekit-wid-con\" >\n        <div class=\"elementskit-accordion accoedion-primary\" id=\"accordion-69e22779b3b22\">\n\n            \n                <div class=\"elementskit-card active\">\n                    <div class=\"elementskit-card-header\" id=\"primaryHeading-0-42bea0\">\n                        <a href=\"#collapse-f32abd069e22779b3b22\" class=\"ekit-accordion--toggler elementskit-btn-link collapsed\" data-ekit-toggle=\"collapse\" data-target=\"#Collapse-f32abd069e22779b3b22\" aria-expanded=\"true\" aria-controls=\"Collapse-f32abd069e22779b3b22\">\n                            \n                            <span class=\"ekit-accordion-title\">\u00bfCu\u00e1l es su horario de atenci\u00f3n?<\/span>\n\n                            \n                                <div class=\"ekit_accordion_icon_group\">\n                                    <div class=\"ekit_accordion_normal_icon\">\n                                        <!-- Normal Icon -->\n\t\t\t\t\t\t\t\t\t\t<i class=\"icon icon-down-arrow1\"><\/i>                                    <\/div>\n\n                                    <div class=\"ekit_accordion_active_icon\">\n                                        <!-- Active Icon -->\n\t\t\t\t\t\t\t\t\t\t<i class=\"icon icon-up-arrow1\"><\/i>                                    <\/div>\n                                <\/div>\n\n                            \n                                                    <\/a>\n                    <\/div>\n\n                    <div id=\"Collapse-f32abd069e22779b3b22\" class=\"show collapse\" aria-labelledby=\"primaryHeading-0-42bea0\" data-parent=\"#accordion-69e22779b3b22\">\n\n                        <div class=\"elementskit-card-body ekit-accordion--content\">\n                            <p>Clean N Bright Coin Laundry est\u00e1 abierto todos los d\u00edas de <strong>7:00 AM a 10:00 PM,<\/strong>lo que facilita adaptar el lavado a su horario.<\/p>                        <\/div>\n\n                    <\/div>\n\n                <\/div><!-- .elementskit-card END -->\n\n                \n                <div class=\"elementskit-card\">\n                    <div class=\"elementskit-card-header\" id=\"primaryHeading-1-42bea0\">\n                        <a href=\"#collapse-531823069e22779b3b22\" class=\"ekit-accordion--toggler elementskit-btn-link collapsed\" data-ekit-toggle=\"collapse\" data-target=\"#Collapse-531823069e22779b3b22\" aria-expanded=\"false\" aria-controls=\"Collapse-531823069e22779b3b22\">\n                            \n                            <span class=\"ekit-accordion-title\">\u00bfD\u00f3nde est\u00e1n ubicados?<\/span>\n\n                            \n                                <div class=\"ekit_accordion_icon_group\">\n                                    <div class=\"ekit_accordion_normal_icon\">\n                                        <!-- Normal Icon -->\n\t\t\t\t\t\t\t\t\t\t<i class=\"icon icon-down-arrow1\"><\/i>                                    <\/div>\n\n                                    <div class=\"ekit_accordion_active_icon\">\n                                        <!-- Active Icon -->\n\t\t\t\t\t\t\t\t\t\t<i class=\"icon icon-up-arrow1\"><\/i>                                    <\/div>\n                                <\/div>\n\n                            \n                                                    <\/a>\n                    <\/div>\n\n                    <div id=\"Collapse-531823069e22779b3b22\" class=\"collapse\" aria-labelledby=\"primaryHeading-1-42bea0\" data-parent=\"#accordion-69e22779b3b22\">\n\n                        <div class=\"elementskit-card-body ekit-accordion--content\">\n                            <p>Estamos ubicados en <strong>11555 Ferguson Rd, Dallas, TX 75228,<\/strong>con amplio estacionamiento disponible para nuestros clientes.<\/p>                        <\/div>\n\n                    <\/div>\n\n                <\/div><!-- .elementskit-card END -->\n\n                \n                <div class=\"elementskit-card\">\n                    <div class=\"elementskit-card-header\" id=\"primaryHeading-2-42bea0\">\n                        <a href=\"#collapse-dd685f869e22779b3b22\" class=\"ekit-accordion--toggler elementskit-btn-link collapsed\" data-ekit-toggle=\"collapse\" data-target=\"#Collapse-dd685f869e22779b3b22\" aria-expanded=\"false\" aria-controls=\"Collapse-dd685f869e22779b3b22\">\n                            \n                            <span class=\"ekit-accordion-title\">\u00bfQu\u00e9 comodidades est\u00e1n disponibles mientras espero?<\/span>\n\n                            \n                                <div class=\"ekit_accordion_icon_group\">\n                                    <div class=\"ekit_accordion_normal_icon\">\n                                        <!-- Normal Icon -->\n\t\t\t\t\t\t\t\t\t\t<i class=\"icon icon-down-arrow1\"><\/i>                                    <\/div>\n\n                                    <div class=\"ekit_accordion_active_icon\">\n                                        <!-- Active Icon -->\n\t\t\t\t\t\t\t\t\t\t<i class=\"icon icon-up-arrow1\"><\/i>                                    <\/div>\n                                <\/div>\n\n                            \n                                                    <\/a>\n                    <\/div>\n\n                    <div id=\"Collapse-dd685f869e22779b3b22\" class=\"collapse\" aria-labelledby=\"primaryHeading-2-42bea0\" data-parent=\"#accordion-69e22779b3b22\">\n\n                        <div class=\"elementskit-card-body ekit-accordion--content\">\n                            <p>Los clientes pueden disfrutar de aire acondicionado, televisores en el local, m\u00e1quinas expendedoras y un espacio c\u00f3modo mientras su ropa se est\u00e1 lavando o secando.<\/p>                        <\/div>\n\n                    <\/div>\n\n                <\/div><!-- .elementskit-card END -->\n\n                                        <\/div>\n    <\/div>\t\t\t\t<\/div>\n\t\t\t\t<\/div>\n\t\t\t\t<div class=\"elementor-element elementor-element-5478ad90 elementor-widget__width-initial elementor-widget-mobile__width-inherit elementor-widget elementor-widget-elementskit-accordion\" data-id=\"5478ad90\" data-element_type=\"widget\" data-settings=\"{&quot;ekit_we_effect_on&quot;:&quot;none&quot;}\" data-widget_type=\"elementskit-accordion.default\">\n\t\t\t\t<div class=\"elementor-widget-container\">\n\t\t\t\t\t<div class=\"ekit-wid-con\" >\n        <div class=\"elementskit-accordion accoedion-primary\" id=\"accordion-69e22779b4219\">\n\n            \n                <div class=\"elementskit-card active\">\n                    <div class=\"elementskit-card-header\" id=\"primaryHeading-0-5478ad90\">\n                        <a href=\"#collapse-f32abd069e22779b4219\" class=\"ekit-accordion--toggler elementskit-btn-link collapsed\" data-ekit-toggle=\"collapse\" data-target=\"#Collapse-f32abd069e22779b4219\" aria-expanded=\"true\" aria-controls=\"Collapse-f32abd069e22779b4219\">\n                            \n                            <span class=\"ekit-accordion-title\">\u00bfTienen m\u00e1quinas grandes para art\u00edculos voluminosos?<\/span>\n\n                            \n                                <div class=\"ekit_accordion_icon_group\">\n                                    <div class=\"ekit_accordion_normal_icon\">\n                                        <!-- Normal Icon -->\n\t\t\t\t\t\t\t\t\t\t<i class=\"icon icon-down-arrow1\"><\/i>                                    <\/div>\n\n                                    <div class=\"ekit_accordion_active_icon\">\n                                        <!-- Active Icon -->\n\t\t\t\t\t\t\t\t\t\t<i class=\"icon icon-up-arrow1\"><\/i>                                    <\/div>\n                                <\/div>\n\n                            \n                                                    <\/a>\n                    <\/div>\n\n                    <div id=\"Collapse-f32abd069e22779b4219\" class=\"show collapse\" aria-labelledby=\"primaryHeading-0-5478ad90\" data-parent=\"#accordion-69e22779b4219\">\n\n                        <div class=\"elementskit-card-body ekit-accordion--content\">\n                            <p>S\u00ed. Nuestra lavander\u00eda est\u00e1 equipada con <strong>lavadoras y secadoras de gran capacidad,<\/strong> ideales para ropa de cama, toallas y cargas grandes.<\/p>                        <\/div>\n\n                    <\/div>\n\n                <\/div><!-- .elementskit-card END -->\n\n                \n                <div class=\"elementskit-card\">\n                    <div class=\"elementskit-card-header\" id=\"primaryHeading-1-5478ad90\">\n                        <a href=\"#collapse-531823069e22779b4219\" class=\"ekit-accordion--toggler elementskit-btn-link collapsed\" data-ekit-toggle=\"collapse\" data-target=\"#Collapse-531823069e22779b4219\" aria-expanded=\"false\" aria-controls=\"Collapse-531823069e22779b4219\">\n                            \n                            <span class=\"ekit-accordion-title\">\u00bfSu lavander\u00eda es apta para familias?<\/span>\n\n                            \n                                <div class=\"ekit_accordion_icon_group\">\n                                    <div class=\"ekit_accordion_normal_icon\">\n                                        <!-- Normal Icon -->\n\t\t\t\t\t\t\t\t\t\t<i class=\"icon icon-down-arrow1\"><\/i>                                    <\/div>\n\n                                    <div class=\"ekit_accordion_active_icon\">\n                                        <!-- Active Icon -->\n\t\t\t\t\t\t\t\t\t\t<i class=\"icon icon-up-arrow1\"><\/i>                                    <\/div>\n                                <\/div>\n\n                            \n                                                    <\/a>\n                    <\/div>\n\n                    <div id=\"Collapse-531823069e22779b4219\" class=\"collapse\" aria-labelledby=\"primaryHeading-1-5478ad90\" data-parent=\"#accordion-69e22779b4219\">\n\n                        <div class=\"elementskit-card-body ekit-accordion--content\">\n                            <p>S\u00ed. Ofrecemos un \u00e1rea de lectura para ni\u00f1os, <strong>con un \u00e1rea<\/strong>televisores, aire acondicionado y un ambiente limpio y c\u00f3modo para las familias.<\/p>                        <\/div>\n\n                    <\/div>\n\n                <\/div><!-- .elementskit-card END -->\n\n                \n                <div class=\"elementskit-card\">\n                    <div class=\"elementskit-card-header\" id=\"primaryHeading-2-5478ad90\">\n                        <a href=\"#collapse-0c6a7d869e22779b4219\" class=\"ekit-accordion--toggler elementskit-btn-link collapsed\" data-ekit-toggle=\"collapse\" data-target=\"#Collapse-0c6a7d869e22779b4219\" aria-expanded=\"false\" aria-controls=\"Collapse-0c6a7d869e22779b4219\">\n                            \n                            <span class=\"ekit-accordion-title\">\u00bfQu\u00e9 servicios ofrecen?<\/span>\n\n                            \n                                <div class=\"ekit_accordion_icon_group\">\n                                    <div class=\"ekit_accordion_normal_icon\">\n                                        <!-- Normal Icon -->\n\t\t\t\t\t\t\t\t\t\t<i class=\"icon icon-down-arrow1\"><\/i>                                    <\/div>\n\n                                    <div class=\"ekit_accordion_active_icon\">\n                                        <!-- Active Icon -->\n\t\t\t\t\t\t\t\t\t\t<i class=\"icon icon-up-arrow1\"><\/i>                                    <\/div>\n                                <\/div>\n\n                            \n                                                    <\/a>\n                    <\/div>\n\n                    <div id=\"Collapse-0c6a7d869e22779b4219\" class=\"collapse\" aria-labelledby=\"primaryHeading-2-5478ad90\" data-parent=\"#accordion-69e22779b4219\">\n\n                        <div class=\"elementskit-card-body ekit-accordion--content\">\n                            <p>Ofrecemos autoservicio, <strong>lavado y doblado y servicios de tintorer\u00eda para satisfacer<\/strong>diversas necesidades de lavander\u00eda.<\/p>                        <\/div>\n\n                    <\/div>\n\n                <\/div><!-- .elementskit-card END -->\n\n                                        <\/div>\n    <\/div>\t\t\t\t<\/div>\n\t\t\t\t<\/div>\n\t\t\t\t<\/div>\n\t\t\t\t<\/div>\n\t\t\t\t\t<\/div>\n\t\t\t\t<\/div>\n\t\t\t\t<\/div>","protected":false},"excerpt":{"rendered":"<p>Frequently Asked Questions Helpful Information for Your Visit FAQs Find quick answers to the most frequently asked questions about our laundromat. Whether you\u2019re curious about our operating hours, available amenities, or how to get the most out of your visit, we\u2019ve got you covered. For more detailed information, check out the FAQs below. What are [&hellip;]<\/p>\n","protected":false},"author":1,"featured_media":0,"parent":0,"menu_order":0,"comment_status":"closed","ping_status":"closed","template":"elementor_header_footer","meta":{"footnotes":""},"class_list":["post-2306","page","type-page","status-publish","hentry"],"_links":{"self":[{"href":"https:\/\/clean-n-bright-dallas.com\/es\/wp-json\/wp\/v2\/pages\/2306","targetHints":{"allow":["GET"]}}],"collection":[{"href":"https:\/\/clean-n-bright-dallas.com\/es\/wp-json\/wp\/v2\/pages"}],"about":[{"href":"https:\/\/clean-n-bright-dallas.com\/es\/wp-json\/wp\/v2\/types\/page"}],"author":[{"embeddable":true,"href":"https:\/\/clean-n-bright-dallas.com\/es\/wp-json\/wp\/v2\/users\/1"}],"replies":[{"embeddable":true,"href":"https:\/\/clean-n-bright-dallas.com\/es\/wp-json\/wp\/v2\/comments?post=2306"}],"version-history":[{"count":37,"href":"https:\/\/clean-n-bright-dallas.com\/es\/wp-json\/wp\/v2\/pages\/2306\/revisions"}],"predecessor-version":[{"id":3038,"href":"https:\/\/clean-n-bright-dallas.com\/es\/wp-json\/wp\/v2\/pages\/2306\/revisions\/3038"}],"wp:attachment":[{"href":"https:\/\/clean-n-bright-dallas.com\/es\/wp-json\/wp\/v2\/media?parent=2306"}],"curies":[{"name":"wp","href":"https:\/\/api.w.org\/{rel}","templated":true}]}}